{"id":8,"date":"2012-06-29T12:32:05","date_gmt":"2012-06-29T12:32:05","guid":{"rendered":"https:\/\/gilfuentes.com.br\/novo\/?page_id=8"},"modified":"2018-06-07T16:31:56","modified_gmt":"2018-06-07T19:31:56","slug":"gil-fuentes","status":"publish","type":"page","link":"https:\/\/gilfuentes.com.br\/novo\/gil-fuentes","title":{"rendered":"Gil Fuentes"},"content":{"rendered":"<table border=\"0\" width=\"700\" cellspacing=\"0\" cellpadding=\"0\">\n<tbody>\n<tr>\n<td style=\"text-align: center;\"><a href=\"https:\/\/gilfuentes.com.br\/novo\/wp-content\/uploads\/2012\/06\/gil-fuentes.jpg\"><img loading=\"lazy\" decoding=\"async\" class=\"wp-image-928 alignleft\" title=\"Gil Fuentes\" src=\"https:\/\/gilfuentes.com.br\/novo\/wp-content\/uploads\/2012\/06\/gil-fuentes.jpg\" alt=\"\" width=\"300\" height=\"456\" srcset=\"https:\/\/gilfuentes.com.br\/novo\/wp-content\/uploads\/2012\/06\/gil-fuentes.jpg 600w, https:\/\/gilfuentes.com.br\/novo\/wp-content\/uploads\/2012\/06\/gil-fuentes-164x250.jpg 164w\" sizes=\"auto, (max-width: 300px) 100vw, 300px\" \/><\/a><\/td>\n<td style=\"text-align: center;\">\n<h3>Jornalista, colunista social, ator e cantor.<\/h3>\n<h3>Atuou como estilista por mais de 25 anos,<\/h3>\n<h3>por\u00e9m o meio de comunica\u00e7\u00e3o falou mais alto e<\/h3>\n<h3>o fez abrir m\u00e3o de uma carreira para se dedicar<\/h3>\n<h3>\u00e0 diferentes ve\u00edculos, como jornal, r\u00e1dio e TV.<\/h3>\n<p>&nbsp;<\/p>\n<p>&nbsp;<\/p>\n<p>&nbsp;<\/p>\n<h3>Escreve coluna di\u00e1ria no jornal<\/h3>\n<h3><strong style=\"font-size: 1.17em; line-height: 19px;\">Di\u00e1rio de Suzano<\/strong><\/h3>\n<h3>h\u00e1 28 anos.<\/h3>\n<\/td>\n<\/tr>\n<\/tbody>\n<\/table>\n<p>&nbsp;<\/p>\n<table border=\"0\" width=\"700\" cellspacing=\"0\" cellpadding=\"0\">\n<tbody>\n<tr>\n<td style=\"text-align: center;\">\n<h3><\/h3>\n<h3>\u00c9 mestre de cerim\u00f4nias e promotor<\/h3>\n<h3>de grandes eventos no Alto Tiet\u00ea.<\/h3>\n<\/td>\n<td><a href=\"https:\/\/gilfuentes.com.br\/novo\/wp-content\/uploads\/2012\/06\/GF.jpg\"><img loading=\"lazy\" decoding=\"async\" class=\"alignnone wp-image-16820\" src=\"https:\/\/gilfuentes.com.br\/novo\/wp-content\/uploads\/2012\/06\/GF.jpg\" alt=\"GF\" width=\"360\" height=\"512\" srcset=\"https:\/\/gilfuentes.com.br\/novo\/wp-content\/uploads\/2012\/06\/GF.jpg 1000w, https:\/\/gilfuentes.com.br\/novo\/wp-content\/uploads\/2012\/06\/GF-175x250.jpg 175w, https:\/\/gilfuentes.com.br\/novo\/wp-content\/uploads\/2012\/06\/GF-720x1024.jpg 720w\" sizes=\"auto, (max-width: 360px) 100vw, 360px\" \/><\/a><\/td>\n<\/tr>\n<\/tbody>\n<\/table>\n","protected":false},"excerpt":{"rendered":"<p>Jornalista, colunista social, ator e cantor. Atuou como estilista por mais de 25 anos, por\u00e9m o meio de comunica\u00e7\u00e3o falou [&hellip;]<\/p>\n","protected":false},"author":1,"featured_media":0,"parent":0,"menu_order":0,"comment_status":"open","ping_status":"open","template":"","meta":{"footnotes":""},"class_list":["post-8","page","type-page","status-publish","hentry"],"_links":{"self":[{"href":"https:\/\/gilfuentes.com.br\/novo\/wp-json\/wp\/v2\/pages\/8","targetHints":{"allow":["GET"]}}],"collection":[{"href":"https:\/\/gilfuentes.com.br\/novo\/wp-json\/wp\/v2\/pages"}],"about":[{"href":"https:\/\/gilfuentes.com.br\/novo\/wp-json\/wp\/v2\/types\/page"}],"author":[{"embeddable":true,"href":"https:\/\/gilfuentes.com.br\/novo\/wp-json\/wp\/v2\/users\/1"}],"replies":[{"embeddable":true,"href":"https:\/\/gilfuentes.com.br\/novo\/wp-json\/wp\/v2\/comments?post=8"}],"version-history":[{"count":16,"href":"https:\/\/gilfuentes.com.br\/novo\/wp-json\/wp\/v2\/pages\/8\/revisions"}],"predecessor-version":[{"id":35851,"href":"https:\/\/gilfuentes.com.br\/novo\/wp-json\/wp\/v2\/pages\/8\/revisions\/35851"}],"wp:attachment":[{"href":"https:\/\/gilfuentes.com.br\/novo\/wp-json\/wp\/v2\/media?parent=8"}],"curies":[{"name":"wp","href":"https:\/\/api.w.org\/{rel}","templated":true}]}}